{"id":666,"date":"2025-11-19T18:13:11","date_gmt":"2025-11-19T18:13:11","guid":{"rendered":"https:\/\/sites.tiasaservice.com.br\/1linha\/?page_id=666"},"modified":"2025-11-26T12:33:31","modified_gmt":"2025-11-26T12:33:31","slug":"blog-page","status":"publish","type":"page","link":"https:\/\/1linha.com.br\/index.php\/blog-page\/","title":{"rendered":"Blog Page"},"content":{"rendered":"\t\t<div data-elementor-type=\"wp-page\" data-elementor-id=\"666\" class=\"elementor elementor-666\">\n\t\t\t\t<div class=\"elementor-element elementor-element-de462ed e-con-full e-flex e-con e-parent\" data-id=\"de462ed\" data-element_type=\"container\" data-settings=\"{&quot;background_background&quot;:&quot;classic&quot;}\">\n\t\t\t\t<div class=\"elementor-element elementor-element-a91e356 elementor-widget elementor-widget-heading\" data-id=\"a91e356\" data-element_type=\"widget\" data-widget_type=\"heading.default\">\n\t\t\t\t\t<h2 class=\"elementor-heading-title elementor-size-default\">Nossas not\u00edcias<\/h2>\t\t\t\t<\/div>\n\t\t\t\t<div class=\"elementor-element elementor-element-3979be8 elementor-widget elementor-widget-hfe-basic-posts\" data-id=\"3979be8\" data-element_type=\"widget\" data-widget_type=\"hfe-basic-posts.default\">\n\t\t\t\t<div class=\"elementor-widget-container\">\n\t\t\t\t\t\n<div class=\"hfe-posts-grid\">\n\t\t\t<article class=\"hfe-post-card\">\n\t\t\t\t\t\t\t<div class=\"hfe-post-image\">\n\t\t\t\t\t<a href=\"https:\/\/1linha.com.br\/index.php\/2025\/11\/26\/gestao-da-manutencao-industrial-principais-indicadores-rotinas-e-ferramentas\/\" rel=\"bookmark\">\n\t\t\t\t\t\t<img loading=\"lazy\" decoding=\"async\" width=\"300\" height=\"168\" src=\"https:\/\/1linha.com.br\/wp-content\/uploads\/2025\/11\/b9836b61950bdea64ea71b555bbe2ca7774b74cf-300x168.jpg\" class=\"attachment-medium size-medium wp-post-image\" alt=\"Gest\u00e3o da manuten\u00e7\u00e3o industrial: principais indicadores, rotinas e ferramentas\" loading=\"lazy\" srcset=\"https:\/\/1linha.com.br\/wp-content\/uploads\/2025\/11\/b9836b61950bdea64ea71b555bbe2ca7774b74cf-300x168.jpg 300w, https:\/\/1linha.com.br\/wp-content\/uploads\/2025\/11\/b9836b61950bdea64ea71b555bbe2ca7774b74cf-1024x572.jpg 1024w, https:\/\/1linha.com.br\/wp-content\/uploads\/2025\/11\/b9836b61950bdea64ea71b555bbe2ca7774b74cf-768x429.jpg 768w, https:\/\/1linha.com.br\/wp-content\/uploads\/2025\/11\/b9836b61950bdea64ea71b555bbe2ca7774b74cf.jpg 1120w\" sizes=\"auto, (max-width: 300px) 100vw, 300px\" \/>\t\t\t\t\t<\/a>\n\t\t\t\t<\/div>\n\t\t\t\n\t\t\t<div class=\"hfe-post-content\">\n\t\t\t\t\t\t\t\t\t<h3 class=\"hfe-post-title\">\n\t\t\t\t\t\t<a href=\"https:\/\/1linha.com.br\/index.php\/2025\/11\/26\/gestao-da-manutencao-industrial-principais-indicadores-rotinas-e-ferramentas\/\" rel=\"bookmark\">\n\t\t\t\t\t\t\tGest\u00e3o da manuten\u00e7\u00e3o industrial: principais indicadores, rotinas e ferramentas\t\t\t\t\t\t<\/a>\n\t\t\t\t\t<\/h3>\n\t\t\t\t\n\t\t\t\t\t\t\t\t\t<div class=\"hfe-post-meta\">\n\t\t\t\t\t\t<span class=\"hfe-post-date\">26 de novembro de 2025<\/span>\t\t\t\t\t<\/div>\n\t\t\t\t\n\t\t\t\t\t\t\t\t\t<div class=\"hfe-post-excerpt\">\n\t\t\t\t\t\tManter a opera\u00e7\u00e3o em alta performance n\u00e3o depende apenas de executar reparos quando algo falha. A verdadeira efici\u00eancia est\u00e1 em...\t\t\t\t\t<\/div>\n\t\t\t\t\n\t\t\t\t\t\t\t\t\t<a href=\"https:\/\/1linha.com.br\/index.php\/2025\/11\/26\/gestao-da-manutencao-industrial-principais-indicadores-rotinas-e-ferramentas\/\" class=\"hfe-read-more\" rel=\"bookmark\">\n\t\t\t\t\t\tLeia mais\t\t\t\t\t<\/a>\n\t\t\t\t\t\t\t<\/div>\n\t\t<\/article>\n\t\t\t\t<article class=\"hfe-post-card\">\n\t\t\t\t\t\t\t<div class=\"hfe-post-image\">\n\t\t\t\t\t<a href=\"https:\/\/1linha.com.br\/index.php\/2025\/11\/26\/rolamento-conico-guia-completo-para-manutencao-copy\/\" rel=\"bookmark\">\n\t\t\t\t\t\t<img loading=\"lazy\" decoding=\"async\" width=\"300\" height=\"168\" src=\"https:\/\/1linha.com.br\/wp-content\/uploads\/2025\/11\/351df69fb523582d536550e0fcb215dc242d38f9-300x168.jpg\" class=\"attachment-medium size-medium wp-post-image\" alt=\"Lubrifica\u00e7\u00e3o industrial: como aumentar a vida \u00fatil das m\u00e1quinas?\" loading=\"lazy\" srcset=\"https:\/\/1linha.com.br\/wp-content\/uploads\/2025\/11\/351df69fb523582d536550e0fcb215dc242d38f9-300x168.jpg 300w, https:\/\/1linha.com.br\/wp-content\/uploads\/2025\/11\/351df69fb523582d536550e0fcb215dc242d38f9-1024x572.jpg 1024w, https:\/\/1linha.com.br\/wp-content\/uploads\/2025\/11\/351df69fb523582d536550e0fcb215dc242d38f9-768x429.jpg 768w, https:\/\/1linha.com.br\/wp-content\/uploads\/2025\/11\/351df69fb523582d536550e0fcb215dc242d38f9.jpg 1120w\" sizes=\"auto, (max-width: 300px) 100vw, 300px\" \/>\t\t\t\t\t<\/a>\n\t\t\t\t<\/div>\n\t\t\t\n\t\t\t<div class=\"hfe-post-content\">\n\t\t\t\t\t\t\t\t\t<h3 class=\"hfe-post-title\">\n\t\t\t\t\t\t<a href=\"https:\/\/1linha.com.br\/index.php\/2025\/11\/26\/rolamento-conico-guia-completo-para-manutencao-copy\/\" rel=\"bookmark\">\n\t\t\t\t\t\t\tLubrifica\u00e7\u00e3o industrial: como aumentar a vida \u00fatil das m\u00e1quinas?\t\t\t\t\t\t<\/a>\n\t\t\t\t\t<\/h3>\n\t\t\t\t\n\t\t\t\t\t\t\t\t\t<div class=\"hfe-post-meta\">\n\t\t\t\t\t\t<span class=\"hfe-post-date\">26 de novembro de 2025<\/span>\t\t\t\t\t<\/div>\n\t\t\t\t\n\t\t\t\t\t\t\t\t\t<div class=\"hfe-post-excerpt\">\n\t\t\t\t\t\tManter a opera\u00e7\u00e3o em alta performance n\u00e3o depende apenas de executar reparos quando algo falha. A verdadeira efici\u00eancia est\u00e1 em...\t\t\t\t\t<\/div>\n\t\t\t\t\n\t\t\t\t\t\t\t\t\t<a href=\"https:\/\/1linha.com.br\/index.php\/2025\/11\/26\/rolamento-conico-guia-completo-para-manutencao-copy\/\" class=\"hfe-read-more\" rel=\"bookmark\">\n\t\t\t\t\t\tLeia mais\t\t\t\t\t<\/a>\n\t\t\t\t\t\t\t<\/div>\n\t\t<\/article>\n\t\t\t\t<article class=\"hfe-post-card\">\n\t\t\t\t\t\t\t<div class=\"hfe-post-image\">\n\t\t\t\t\t<a href=\"https:\/\/1linha.com.br\/index.php\/2025\/11\/07\/rolamento-conico-guia-completo-para-manutencao\/\" rel=\"bookmark\">\n\t\t\t\t\t\t<img loading=\"lazy\" decoding=\"async\" width=\"300\" height=\"168\" src=\"https:\/\/1linha.com.br\/wp-content\/uploads\/2025\/11\/f314d211671819335d2fc90ed8f60fdb37d5c710-300x168.png\" class=\"attachment-medium size-medium wp-post-image\" alt=\"Rolamento c\u00f4nico: guia completo para manuten\u00e7\u00e3o\" loading=\"lazy\" srcset=\"https:\/\/1linha.com.br\/wp-content\/uploads\/2025\/11\/f314d211671819335d2fc90ed8f60fdb37d5c710-300x168.png 300w, https:\/\/1linha.com.br\/wp-content\/uploads\/2025\/11\/f314d211671819335d2fc90ed8f60fdb37d5c710-1024x572.png 1024w, https:\/\/1linha.com.br\/wp-content\/uploads\/2025\/11\/f314d211671819335d2fc90ed8f60fdb37d5c710-768x429.png 768w, https:\/\/1linha.com.br\/wp-content\/uploads\/2025\/11\/f314d211671819335d2fc90ed8f60fdb37d5c710.png 1120w\" sizes=\"auto, (max-width: 300px) 100vw, 300px\" \/>\t\t\t\t\t<\/a>\n\t\t\t\t<\/div>\n\t\t\t\n\t\t\t<div class=\"hfe-post-content\">\n\t\t\t\t\t\t\t\t\t<h3 class=\"hfe-post-title\">\n\t\t\t\t\t\t<a href=\"https:\/\/1linha.com.br\/index.php\/2025\/11\/07\/rolamento-conico-guia-completo-para-manutencao\/\" rel=\"bookmark\">\n\t\t\t\t\t\t\tRolamento c\u00f4nico: guia completo para manuten\u00e7\u00e3o\t\t\t\t\t\t<\/a>\n\t\t\t\t\t<\/h3>\n\t\t\t\t\n\t\t\t\t\t\t\t\t\t<div class=\"hfe-post-meta\">\n\t\t\t\t\t\t<span class=\"hfe-post-date\">7 de novembro de 2025<\/span>\t\t\t\t\t<\/div>\n\t\t\t\t\n\t\t\t\t\t\t\t\t\t<div class=\"hfe-post-excerpt\">\n\t\t\t\t\t\tOs rolamentos desempenham um papel essencial na redu\u00e7\u00e3o de atrito e no suporte de cargas cr\u00edticas.&nbsp; Neste cen\u00e1rio, os rolamentos...\t\t\t\t\t<\/div>\n\t\t\t\t\n\t\t\t\t\t\t\t\t\t<a href=\"https:\/\/1linha.com.br\/index.php\/2025\/11\/07\/rolamento-conico-guia-completo-para-manutencao\/\" class=\"hfe-read-more\" rel=\"bookmark\">\n\t\t\t\t\t\tLeia mais\t\t\t\t\t<\/a>\n\t\t\t\t\t\t\t<\/div>\n\t\t<\/article>\n\t\t<\/div>\n\t\t\t\t<\/div>\n\t\t\t\t<\/div>\n\t\t\t\t<\/div>\n\t\t\t\t<\/div>\n\t\t","protected":false},"excerpt":{"rendered":"<p>Nossas not\u00edcias Lubrifica\u00e7\u00e3o industrial: como aumentar a vida \u00fatil das m\u00e1quinas? 7 de novembro de 2025 Manter a opera\u00e7\u00e3o em [&hellip;]<\/p>\n","protected":false},"author":1,"featured_media":0,"parent":0,"menu_order":0,"comment_status":"closed","ping_status":"closed","template":"elementor_header_footer","meta":{"site-sidebar-layout":"no-sidebar","site-content-layout":"","ast-site-content-layout":"full-width-container","site-content-style":"default","site-sidebar-style":"default","ast-global-header-display":"","ast-banner-title-visibility":"","ast-main-header-display":"","ast-hfb-above-header-display":"","ast-hfb-below-header-display":"","ast-hfb-mobile-header-display":"","site-post-title":"disabled","ast-breadcrumbs-content":"","ast-featured-img":"disabled","footer-sml-layout":"","theme-transparent-header-meta":"","adv-header-id-meta":"","stick-header-meta":"","header-above-stick-meta":"","header-main-stick-meta":"","header-below-stick-meta":"","astra-migrate-meta-layouts":"default","ast-page-background-enabled":"default","ast-page-background-meta":{"desktop":{"background-color":"var(--ast-global-color-5)","background-image":"","background-repeat":"repeat","background-position":"center center","background-size":"auto","background-attachment":"scroll","background-type":"","background-media":"","overlay-type":"","overlay-color":"","overlay-opacity":"","overlay-gradient":""},"tablet":{"background-color":"","background-image":"","background-repeat":"repeat","background-position":"center center","background-size":"auto","background-attachment":"scroll","background-type":"","background-media":"","overlay-type":"","overlay-color":"","overlay-opacity":"","overlay-gradient":""},"mobile":{"background-color":"","background-image":"","background-repeat":"repeat","background-position":"center center","background-size":"auto","background-attachment":"scroll","background-type":"","background-media":"","overlay-type":"","overlay-color":"","overlay-opacity":"","overlay-gradient":""}},"ast-content-background-meta":{"desktop":{"background-color":"var(--ast-global-color-4)","background-image":"","background-repeat":"repeat","background-position":"center center","background-size":"auto","background-attachment":"scroll","background-type":"","background-media":"","overlay-type":"","overlay-color":"","overlay-opacity":"","overlay-gradient":""},"tablet":{"background-color":"var(--ast-global-color-4)","background-image":"","background-repeat":"repeat","background-position":"center center","background-size":"auto","background-attachment":"scroll","background-type":"","background-media":"","overlay-type":"","overlay-color":"","overlay-opacity":"","overlay-gradient":""},"mobile":{"background-color":"var(--ast-global-color-4)","background-image":"","background-repeat":"repeat","background-position":"center center","background-size":"auto","background-attachment":"scroll","background-type":"","background-media":"","overlay-type":"","overlay-color":"","overlay-opacity":"","overlay-gradient":""}},"footnotes":""},"class_list":["post-666","page","type-page","status-publish","hentry"],"_links":{"self":[{"href":"https:\/\/1linha.com.br\/index.php\/wp-json\/wp\/v2\/pages\/666","targetHints":{"allow":["GET"]}}],"collection":[{"href":"https:\/\/1linha.com.br\/index.php\/wp-json\/wp\/v2\/pages"}],"about":[{"href":"https:\/\/1linha.com.br\/index.php\/wp-json\/wp\/v2\/types\/page"}],"author":[{"embeddable":true,"href":"https:\/\/1linha.com.br\/index.php\/wp-json\/wp\/v2\/users\/1"}],"replies":[{"embeddable":true,"href":"https:\/\/1linha.com.br\/index.php\/wp-json\/wp\/v2\/comments?post=666"}],"version-history":[{"count":22,"href":"https:\/\/1linha.com.br\/index.php\/wp-json\/wp\/v2\/pages\/666\/revisions"}],"predecessor-version":[{"id":1295,"href":"https:\/\/1linha.com.br\/index.php\/wp-json\/wp\/v2\/pages\/666\/revisions\/1295"}],"wp:attachment":[{"href":"https:\/\/1linha.com.br\/index.php\/wp-json\/wp\/v2\/media?parent=666"}],"curies":[{"name":"wp","href":"https:\/\/api.w.org\/{rel}","templated":true}]}}