{"id":22,"date":"2025-11-06T15:11:24","date_gmt":"2025-11-06T15:11:24","guid":{"rendered":"https:\/\/sites.tiasaservice.com.br\/1linha\/?page_id=22"},"modified":"2026-01-26T02:54:57","modified_gmt":"2026-01-26T02:54:57","slug":"sobre-nos","status":"publish","type":"page","link":"https:\/\/1linha.com.br\/index.php\/sobre-nos\/","title":{"rendered":"Sobre N\u00f3s"},"content":{"rendered":"\t\t<div data-elementor-type=\"wp-page\" data-elementor-id=\"22\" class=\"elementor elementor-22\">\n\t\t\t\t<div class=\"elementor-element elementor-element-d1036d2 e-flex e-con-boxed e-con e-parent\" data-id=\"d1036d2\" data-element_type=\"container\" data-settings=\"{&quot;background_background&quot;:&quot;classic&quot;}\">\n\t\t\t\t\t<div class=\"e-con-inner\">\n\t\t\t\t<div class=\"elementor-element elementor-element-c3149e0 elementor-widget elementor-widget-heading\" data-id=\"c3149e0\" data-element_type=\"widget\" data-widget_type=\"heading.default\">\n\t\t\t\t\t<h2 class=\"elementor-heading-title elementor-size-default\">Conhe\u00e7a a 1\u00aa Linha: quem somos?<\/h2>\t\t\t\t<\/div>\n\t\t\t\t<div class=\"elementor-element elementor-element-58ad27c elementor-widget elementor-widget-text-editor\" data-id=\"58ad27c\" data-element_type=\"widget\" data-widget_type=\"text-editor.default\">\n\t\t\t\t\t\t\t\t\t<p>Solu\u00e7\u00f5es de qualidade em rolamentos, mancais e polias, com atendimento diferenciado e foco na satisfa\u00e7\u00e3o do cliente.<\/p>\t\t\t\t\t\t\t\t<\/div>\n\t\t\t\t\t<\/div>\n\t\t\t\t<\/div>\n\t\t<div class=\"elementor-element elementor-element-a1a8a3e e-con-full e-flex e-con e-parent\" data-id=\"a1a8a3e\" data-element_type=\"container\">\n\t\t<div class=\"elementor-element elementor-element-d27985d e-con-full e-flex e-con e-child\" data-id=\"d27985d\" data-element_type=\"container\">\n\t\t\t\t<div class=\"elementor-element elementor-element-f9908aa elementor-hidden-mobile elementor-widget elementor-widget-heading\" data-id=\"f9908aa\" data-element_type=\"widget\" data-widget_type=\"heading.default\">\n\t\t\t\t\t<h2 class=\"elementor-heading-title elementor-size-default\">A nossa hist\u00f3ria<br>\u00e9 um legado  \u00ad\u00ad\u00ad<span>\u2794<\/span><\/h2>\t\t\t\t<\/div>\n\t\t\t\t<div class=\"elementor-element elementor-element-db46220 elementor-hidden-desktop elementor-hidden-laptop elementor-hidden-tablet_extra elementor-hidden-tablet elementor-hidden-mobile_extra elementor-widget elementor-widget-heading\" data-id=\"db46220\" data-element_type=\"widget\" data-widget_type=\"heading.default\">\n\t\t\t\t\t<h2 class=\"elementor-heading-title elementor-size-default\">A nossa hist\u00f3ria<br>\u00e9 um legado<\/h2>\t\t\t\t<\/div>\n\t\t\t\t<\/div>\n\t\t<div class=\"elementor-element elementor-element-477c1e6 e-con-full e-flex e-con e-child\" data-id=\"477c1e6\" data-element_type=\"container\">\n\t\t\t\t<div class=\"elementor-element elementor-element-6bdfc20 elementor-widget elementor-widget-text-editor\" data-id=\"6bdfc20\" data-element_type=\"widget\" data-widget_type=\"text-editor.default\">\n\t\t\t\t\t\t\t\t\t<p><strong>A PRIMEIRA LINHA escreve a sua hist\u00f3ria com a experi\u00eancia\u00a0<\/strong><strong>de mais de 27 anos de exist\u00eancia.<\/strong> Come\u00e7ou suas atividades no ano 1996 em Bras\u00edlia e hoje presta atendimento em todo mercado nacional, provendo solu\u00e7\u00f5es inovadoras para os diversos segmentos, seja varejo, empresarial ou industrial.<\/p><p>Possui em seu portf\u00f3lio mais de 40 mil produtos de alta performance e servi\u00e7os qualificados em manuten\u00e7\u00e3o industrial, assist\u00eancia t\u00e9cnica e treinamentos especializados. Tamb\u00e9m atua no segmento educacional, com treinamentos\u00a0e fabrica\u00e7\u00e3o de bancadas did\u00e1ticas para simula\u00e7\u00f5es pr\u00e1ticas de procedimentos de manuten\u00e7\u00e3o.<\/p><p>Assim, neste prop\u00f3sito, integra inova\u00e7\u00e3o e tecnologia, oferecendo aos clientes uma solu\u00e7\u00e3o para suas necessidades em um \u00fanico local, e como resultado, redu\u00e7\u00e3o de custos, mais efici\u00eancia e um maior valor agregado ao seu neg\u00f3cio. \u00c9 distribuidor autorizado de marcas globais como SKF e Peer, Makita, INGCO, IPC, Tramontina Pro, Aeroquip, 3M, Bracol, Marluvas e Volk do Brasil<\/p>\t\t\t\t\t\t\t\t<\/div>\n\t\t\t\t<\/div>\n\t\t\t\t<\/div>\n\t\t<div class=\"elementor-element elementor-element-33b72f3 e-flex e-con-boxed e-con e-parent\" data-id=\"33b72f3\" data-element_type=\"container\" data-settings=\"{&quot;background_background&quot;:&quot;classic&quot;}\">\n\t\t\t\t\t<div class=\"e-con-inner\">\n\t\t<div class=\"elementor-element elementor-element-047a943 e-con-full e-flex e-con e-child\" data-id=\"047a943\" data-element_type=\"container\">\n\t\t\t\t<div class=\"elementor-element elementor-element-b1e6e0e elementor-widget elementor-widget-heading\" data-id=\"b1e6e0e\" data-element_type=\"widget\" data-widget_type=\"heading.default\">\n\t\t\t\t\t<h2 class=\"elementor-heading-title elementor-size-default\">Os pilares da 1\u00aa Linha<\/h2>\t\t\t\t<\/div>\n\t\t\t\t<\/div>\n\t\t<div class=\"elementor-element elementor-element-8a5c7cf e-con-full e-flex elementor-invisible e-con e-child\" data-id=\"8a5c7cf\" data-element_type=\"container\" data-settings=\"{&quot;animation&quot;:&quot;fadeInRight&quot;}\">\n\t\t<div class=\"elementor-element elementor-element-db6d5f2 e-con-full e-flex e-con e-child\" data-id=\"db6d5f2\" data-element_type=\"container\" data-settings=\"{&quot;background_background&quot;:&quot;classic&quot;}\">\n\t\t<div class=\"elementor-element elementor-element-a4d25d1 e-con-full e-flex e-con e-child\" data-id=\"a4d25d1\" data-element_type=\"container\">\n\t\t\t\t<div class=\"elementor-element elementor-element-6ad10da elementor-widget elementor-widget-heading\" data-id=\"6ad10da\" data-element_type=\"widget\" data-widget_type=\"heading.default\">\n\t\t\t\t\t<h2 class=\"elementor-heading-title elementor-size-default\">Miss\u00e3o<\/h2>\t\t\t\t<\/div>\n\t\t\t\t<div class=\"elementor-element elementor-element-62ef3d7 elementor-widget elementor-widget-text-editor\" data-id=\"62ef3d7\" data-element_type=\"widget\" data-widget_type=\"text-editor.default\">\n\t\t\t\t\t\t\t\t\t<p>Ser a maior e melhor Empresa do ramo no Distrito Federal e ser&nbsp;<span style=\"font-style: inherit; font-weight: inherit;\">reconhecida no Centro-oeste, comercializando produtos e servi\u00e7os&nbsp;<\/span><span style=\"font-style: inherit; font-weight: inherit;\">de qualidade, provendo solu\u00e7\u00f5es inovadoras para todos os segmentos,&nbsp;<\/span><span style=\"font-style: inherit; font-weight: inherit;\">com \u00e9tica, rentabilidade e dedica\u00e7\u00e3o.<\/span><\/p>\t\t\t\t\t\t\t\t<\/div>\n\t\t\t\t<\/div>\n\t\t\t\t<div class=\"elementor-element elementor-element-30b35f0 elementor-widget__width-initial elementor-widget elementor-widget-image\" data-id=\"30b35f0\" data-element_type=\"widget\" data-widget_type=\"image.default\">\n\t\t\t\t\t\t\t\t\t\t\t\t\t\t\t<img fetchpriority=\"high\" decoding=\"async\" width=\"924\" height=\"1024\" src=\"https:\/\/1linha.com.br\/wp-content\/uploads\/2025\/11\/7cfc360ff9a7a97dceb22113c3513ac2fa557b5c-924x1024.png\" class=\"attachment-large size-large wp-image-164\" alt=\"\" srcset=\"https:\/\/1linha.com.br\/wp-content\/uploads\/2025\/11\/7cfc360ff9a7a97dceb22113c3513ac2fa557b5c-924x1024.png 924w, https:\/\/1linha.com.br\/wp-content\/uploads\/2025\/11\/7cfc360ff9a7a97dceb22113c3513ac2fa557b5c-271x300.png 271w, https:\/\/1linha.com.br\/wp-content\/uploads\/2025\/11\/7cfc360ff9a7a97dceb22113c3513ac2fa557b5c-768x852.png 768w, https:\/\/1linha.com.br\/wp-content\/uploads\/2025\/11\/7cfc360ff9a7a97dceb22113c3513ac2fa557b5c.png 1057w\" sizes=\"(max-width: 924px) 100vw, 924px\" \/>\t\t\t\t\t\t\t\t\t\t\t\t\t\t\t<\/div>\n\t\t\t\t<\/div>\n\t\t<div class=\"elementor-element elementor-element-53a2851 e-con-full e-flex e-con e-child\" data-id=\"53a2851\" data-element_type=\"container\" data-settings=\"{&quot;background_background&quot;:&quot;classic&quot;}\">\n\t\t<div class=\"elementor-element elementor-element-b7f37cb e-con-full e-flex e-con e-child\" data-id=\"b7f37cb\" data-element_type=\"container\">\n\t\t\t\t<div class=\"elementor-element elementor-element-b5e0d6a elementor-widget elementor-widget-heading\" data-id=\"b5e0d6a\" data-element_type=\"widget\" data-widget_type=\"heading.default\">\n\t\t\t\t\t<h2 class=\"elementor-heading-title elementor-size-default\">Vis\u00e3o<\/h2>\t\t\t\t<\/div>\n\t\t\t\t<div class=\"elementor-element elementor-element-d3f9eba elementor-widget elementor-widget-text-editor\" data-id=\"d3f9eba\" data-element_type=\"widget\" data-widget_type=\"text-editor.default\">\n\t\t\t\t\t\t\t\t\t<p>Ser a maior e melhor Empresa do ramo no Distrito Federal e ser reconhecida no Centro-oeste.<\/p>\t\t\t\t\t\t\t\t<\/div>\n\t\t\t\t<\/div>\n\t\t\t\t<div class=\"elementor-element elementor-element-12de60e elementor-widget__width-initial elementor-widget elementor-widget-image\" data-id=\"12de60e\" data-element_type=\"widget\" data-widget_type=\"image.default\">\n\t\t\t\t\t\t\t\t\t\t\t\t\t\t\t<img decoding=\"async\" width=\"967\" height=\"1024\" src=\"https:\/\/1linha.com.br\/wp-content\/uploads\/2025\/11\/945083f8c881e8c5c36d3c9f5aed9f3eeabeec21-967x1024.png\" class=\"attachment-large size-large wp-image-166\" alt=\"\" srcset=\"https:\/\/1linha.com.br\/wp-content\/uploads\/2025\/11\/945083f8c881e8c5c36d3c9f5aed9f3eeabeec21-967x1024.png 967w, https:\/\/1linha.com.br\/wp-content\/uploads\/2025\/11\/945083f8c881e8c5c36d3c9f5aed9f3eeabeec21-283x300.png 283w, https:\/\/1linha.com.br\/wp-content\/uploads\/2025\/11\/945083f8c881e8c5c36d3c9f5aed9f3eeabeec21-768x813.png 768w, https:\/\/1linha.com.br\/wp-content\/uploads\/2025\/11\/945083f8c881e8c5c36d3c9f5aed9f3eeabeec21.png 1022w\" sizes=\"(max-width: 967px) 100vw, 967px\" \/>\t\t\t\t\t\t\t\t\t\t\t\t\t\t\t<\/div>\n\t\t\t\t<\/div>\n\t\t<div class=\"elementor-element elementor-element-beaefa1 e-con-full e-flex e-con e-child\" data-id=\"beaefa1\" data-element_type=\"container\" data-settings=\"{&quot;background_background&quot;:&quot;classic&quot;}\">\n\t\t<div class=\"elementor-element elementor-element-07932e3 e-con-full e-flex e-con e-child\" data-id=\"07932e3\" data-element_type=\"container\">\n\t\t\t\t<div class=\"elementor-element elementor-element-c25e18f elementor-widget elementor-widget-heading\" data-id=\"c25e18f\" data-element_type=\"widget\" data-widget_type=\"heading.default\">\n\t\t\t\t\t<h2 class=\"elementor-heading-title elementor-size-default\">Valores<\/h2>\t\t\t\t<\/div>\n\t\t\t\t<div class=\"elementor-element elementor-element-fa7ee67 elementor-widget elementor-widget-text-editor\" data-id=\"fa7ee67\" data-element_type=\"widget\" data-widget_type=\"text-editor.default\">\n\t\t\t\t\t\t\t\t\t<p>As pessoas convivem em um mundo cada dia mais complexo e incerto. Essa condi\u00e7\u00e3o exige de todos transpar\u00eancia de suas a\u00e7\u00f5es. Os nossos valores expressam o que acreditamos e nos posiciona no relacionamento com colaboradores, clientes, fornecedores e a sociedade como um todo.<\/p>\t\t\t\t\t\t\t\t<\/div>\n\t\t\t\t<div class=\"elementor-element elementor-element-09c25e4 elementor-widget elementor-widget-text-editor\" data-id=\"09c25e4\" data-element_type=\"widget\" data-widget_type=\"text-editor.default\">\n\t\t\t\t\t\t\t\t\t<p>Celeridade, Compromisso, Diversidade, \u00c9tica,\u00a0<span style=\"font-style: inherit; font-weight: inherit;\">Resultado e Sustentabilidade.<\/span><\/p>\t\t\t\t\t\t\t\t<\/div>\n\t\t\t\t<\/div>\n\t\t\t\t<div class=\"elementor-element elementor-element-f538f59 elementor-widget__width-initial elementor-widget elementor-widget-image\" data-id=\"f538f59\" data-element_type=\"widget\" data-widget_type=\"image.default\">\n\t\t\t\t\t\t\t\t\t\t\t\t\t\t\t<img decoding=\"async\" width=\"1024\" height=\"1024\" src=\"https:\/\/1linha.com.br\/wp-content\/uploads\/2025\/11\/4cd2638056babe557e15e5244c3899a58a1548d0-1024x1024.png\" class=\"attachment-large size-large wp-image-167\" alt=\"\" srcset=\"https:\/\/1linha.com.br\/wp-content\/uploads\/2025\/11\/4cd2638056babe557e15e5244c3899a58a1548d0-1024x1024.png 1024w, https:\/\/1linha.com.br\/wp-content\/uploads\/2025\/11\/4cd2638056babe557e15e5244c3899a58a1548d0-300x300.png 300w, https:\/\/1linha.com.br\/wp-content\/uploads\/2025\/11\/4cd2638056babe557e15e5244c3899a58a1548d0-150x150.png 150w, https:\/\/1linha.com.br\/wp-content\/uploads\/2025\/11\/4cd2638056babe557e15e5244c3899a58a1548d0-768x767.png 768w, https:\/\/1linha.com.br\/wp-content\/uploads\/2025\/11\/4cd2638056babe557e15e5244c3899a58a1548d0-1536x1536.png 1536w, https:\/\/1linha.com.br\/wp-content\/uploads\/2025\/11\/4cd2638056babe557e15e5244c3899a58a1548d0-2048x2048.png 2048w\" sizes=\"(max-width: 1024px) 100vw, 1024px\" \/>\t\t\t\t\t\t\t\t\t\t\t\t\t\t\t<\/div>\n\t\t\t\t<\/div>\n\t\t\t\t<\/div>\n\t\t\t\t\t<\/div>\n\t\t\t\t<\/div>\n\t\t\t\t<\/div>\n\t\t","protected":false},"excerpt":{"rendered":"<p>Conhe\u00e7a a 1\u00aa Linha: quem somos? Solu\u00e7\u00f5es de qualidade em rolamentos, mancais e polias, com atendimento diferenciado e foco na [&hellip;]<\/p>\n","protected":false},"author":1,"featured_media":0,"parent":0,"menu_order":0,"comment_status":"closed","ping_status":"closed","template":"elementor_header_footer","meta":{"site-sidebar-layout":"no-sidebar","site-content-layout":"","ast-site-content-layout":"full-width-container","site-content-style":"default","site-sidebar-style":"default","ast-global-header-display":"","ast-banner-title-visibility":"","ast-main-header-display":"","ast-hfb-above-header-display":"","ast-hfb-below-header-display":"","ast-hfb-mobile-header-display":"","site-post-title":"","ast-breadcrumbs-content":"","ast-featured-img":"disabled","footer-sml-layout":"","theme-transparent-header-meta":"","adv-header-id-meta":"","stick-header-meta":"","header-above-stick-meta":"","header-main-stick-meta":"","header-below-stick-meta":"","astra-migrate-meta-layouts":"default","ast-page-background-enabled":"default","ast-page-background-meta":{"desktop":{"background-color":"var(--ast-global-color-5)","background-image":"","background-repeat":"repeat","background-position":"center center","background-size":"auto","background-attachment":"scroll","background-type":"","background-media":"","overlay-type":"","overlay-color":"","overlay-opacity":"","overlay-gradient":""},"tablet":{"background-color":"","background-image":"","background-repeat":"repeat","background-position":"center center","background-size":"auto","background-attachment":"scroll","background-type":"","background-media":"","overlay-type":"","overlay-color":"","overlay-opacity":"","overlay-gradient":""},"mobile":{"background-color":"","background-image":"","background-repeat":"repeat","background-position":"center center","background-size":"auto","background-attachment":"scroll","background-type":"","background-media":"","overlay-type":"","overlay-color":"","overlay-opacity":"","overlay-gradient":""}},"ast-content-background-meta":{"desktop":{"background-color":"var(--ast-global-color-4)","background-image":"","background-repeat":"repeat","background-position":"center center","background-size":"auto","background-attachment":"scroll","background-type":"","background-media":"","overlay-type":"","overlay-color":"","overlay-opacity":"","overlay-gradient":""},"tablet":{"background-color":"var(--ast-global-color-4)","background-image":"","background-repeat":"repeat","background-position":"center center","background-size":"auto","background-attachment":"scroll","background-type":"","background-media":"","overlay-type":"","overlay-color":"","overlay-opacity":"","overlay-gradient":""},"mobile":{"background-color":"var(--ast-global-color-4)","background-image":"","background-repeat":"repeat","background-position":"center center","background-size":"auto","background-attachment":"scroll","background-type":"","background-media":"","overlay-type":"","overlay-color":"","overlay-opacity":"","overlay-gradient":""}},"footnotes":""},"class_list":["post-22","page","type-page","status-publish","hentry"],"_links":{"self":[{"href":"https:\/\/1linha.com.br\/index.php\/wp-json\/wp\/v2\/pages\/22","targetHints":{"allow":["GET"]}}],"collection":[{"href":"https:\/\/1linha.com.br\/index.php\/wp-json\/wp\/v2\/pages"}],"about":[{"href":"https:\/\/1linha.com.br\/index.php\/wp-json\/wp\/v2\/types\/page"}],"author":[{"embeddable":true,"href":"https:\/\/1linha.com.br\/index.php\/wp-json\/wp\/v2\/users\/1"}],"replies":[{"embeddable":true,"href":"https:\/\/1linha.com.br\/index.php\/wp-json\/wp\/v2\/comments?post=22"}],"version-history":[{"count":64,"href":"https:\/\/1linha.com.br\/index.php\/wp-json\/wp\/v2\/pages\/22\/revisions"}],"predecessor-version":[{"id":1648,"href":"https:\/\/1linha.com.br\/index.php\/wp-json\/wp\/v2\/pages\/22\/revisions\/1648"}],"wp:attachment":[{"href":"https:\/\/1linha.com.br\/index.php\/wp-json\/wp\/v2\/media?parent=22"}],"curies":[{"name":"wp","href":"https:\/\/api.w.org\/{rel}","templated":true}]}}